{"id":10,"date":"2023-06-02T14:11:49","date_gmt":"2023-06-02T14:11:49","guid":{"rendered":"https:\/\/20000lenguas.com\/fr\/?page_id=10"},"modified":"2023-09-20T15:40:19","modified_gmt":"2023-09-20T15:40:19","slug":"sur-moi","status":"publish","type":"page","link":"https:\/\/20000lenguas.com\/fr\/sur-moi\/","title":{"rendered":"Sur moi"},"content":{"rendered":"\n<section class=\"wp-block-tema20klenguas-header-sobremi comun-headercontenido\"><div class=\"headercontenido-contenedorinfo\"><div class=\"comun-contenedorseccion\"><img decoding=\"async\" draggable=\"false\" src=\"http:\/\/20000lenguas.com\/fr\/wp-content\/uploads\/sites\/3\/2023\/06\/foto_sobremi.jpg\" id=\"fotosobremi\" alt=\"\"\/><div class=\"headercontenido-info\"><div class=\"headercontenido-tituloycategorias\"><h1 id=\"PGsobremi\">Salut, je suis<br>Olga Jeczmyk<\/h1><p>Communication et marketing, formation et langues sont les piliers de 20000 lenguas. Le tout dans un contexte multiculturel adapt\u00e9 \u00e0 chaque client<\/p><div class=\"comun-categorias\"><\/div><\/div><\/div><\/div><\/div><div class=\"headercontenido-franjafondo\"><\/div><\/section>\n\n\n\n<section class=\"wp-block-tema20klenguas-espaciobloquesblog comun-seccioncontenido\"><div class=\"blog-contenedorentrada\">\n<p>Sp\u00e9cialiste en communication et marketing avec une longue carri\u00e8re dans le blogging, cr\u00e9ation de contenu, r\u00e9seaux sociaux, formation et traduction. Je travaille activement en fran\u00e7ais, anglais, italien, polonais, espagnol et catalan. J\u2019ai \u00e9t\u00e9 stagiaire en interpr\u00e9tation simultan\u00e9e pour les Nations unies \u00e0 la FAO \u00e0 Rome, responsable des stages en communication et r\u00e9dactrice de contenu \u00e0 l&rsquo;Unit\u00e9 de Terminologie (TermCoord) du Parlement europ\u00e9en \u00e0 Luxembourg.<\/p>\n\n\n\n<div style=\"height:8vh\" aria-hidden=\"true\" class=\"wp-block-spacer\"><\/div>\n\n\n\n<p>Conf\u00e9renci\u00e8re invit\u00e9e \u00e0 plusieurs congr\u00e8s de traduction en Espagne et en Europe. J\u2019ai pr\u00e9sent\u00e9 des conf\u00e9rences dans toutes les langues mentionn\u00e9es plus haut, donn\u00e9 des cours et formation ainsi que des cyber-s\u00e9minaires en Europe, en Am\u00e9rique du Sud et en Am\u00e9rique centrale. Auteure du blog de traduction et marketing <a href=\"https:\/\/20000lenguas.com\">https:\/\/20000lenguas.com<\/a>.<\/p>\n\n\n\n<div style=\"height:8vh\" aria-hidden=\"true\" class=\"wp-block-spacer\"><\/div>\n\n\n\n<p>Services disponibles:<\/p>\n\n\n\n<div class=\"wp-block-tema20klenguas-blog-lista blog-lista\"><div class=\"blog-listacontenedor\">\n<div class=\"wp-block-tema20klenguas-bloglista\"><li id=\"listablog\"><strong>Cr\u00e9ation de contenu multilingue:<\/strong> pour des sites web, r\u00e9seaux sociaux, blogs et tout type de mat\u00e9riel de marketing (brochures, flyers, pr\u00e9sentations, etc.)<\/li><\/div>\n\n\n\n<div class=\"wp-block-tema20klenguas-bloglista\"><li id=\"listablog\"><strong>Mentoring:<\/strong> accompagnement dans le d\u00e9veloppement professionnel de votre entreprise afin d&rsquo;accro\u00eetre la confiance dans votre capacit\u00e9 \u00e0 avancer.<\/li><\/div>\n\n\n\n<div class=\"wp-block-tema20klenguas-bloglista\"><li id=\"listablog\"><strong>Soutien: <\/strong>aide professionnelle sur une question sp\u00e9cifique individuelle ou d\u2019entreprise.<\/li><\/div>\n\n\n\n<div class=\"wp-block-tema20klenguas-bloglista\"><li id=\"listablog\"><strong>Consultancy:<\/strong> cr\u00e9ation de strat\u00e9gies ax\u00e9es sur la r\u00e9solution des difficult\u00e9s de l&rsquo;entreprise.<\/li><\/div>\n\n\n\n<div class=\"wp-block-tema20klenguas-bloglista\"><li id=\"listablog\"><strong>Formation: <\/strong>cours, conf\u00e9rences et s\u00e9minaires con\u00e7us pour aider votre entreprise \u00e0 \u00e9voluer individuellement ou collectivement.<\/li><\/div>\n<\/div><\/div>\n<\/div><\/section>\n","protected":false},"excerpt":{"rendered":"","protected":false},"author":1,"featured_media":0,"parent":0,"menu_order":0,"comment_status":"closed","ping_status":"closed","template":"","meta":[],"jetpack_sharing_enabled":true,"_links":{"self":[{"href":"https:\/\/20000lenguas.com\/fr\/wp-json\/wp\/v2\/pages\/10"}],"collection":[{"href":"https:\/\/20000lenguas.com\/fr\/wp-json\/wp\/v2\/pages"}],"about":[{"href":"https:\/\/20000lenguas.com\/fr\/wp-json\/wp\/v2\/types\/page"}],"author":[{"embeddable":true,"href":"https:\/\/20000lenguas.com\/fr\/wp-json\/wp\/v2\/users\/1"}],"replies":[{"embeddable":true,"href":"https:\/\/20000lenguas.com\/fr\/wp-json\/wp\/v2\/comments?post=10"}],"version-history":[{"count":6,"href":"https:\/\/20000lenguas.com\/fr\/wp-json\/wp\/v2\/pages\/10\/revisions"}],"predecessor-version":[{"id":131,"href":"https:\/\/20000lenguas.com\/fr\/wp-json\/wp\/v2\/pages\/10\/revisions\/131"}],"wp:attachment":[{"href":"https:\/\/20000lenguas.com\/fr\/wp-json\/wp\/v2\/media?parent=10"}],"curies":[{"name":"wp","href":"https:\/\/api.w.org\/{rel}","templated":true}]}}