{"id":14,"date":"2023-06-02T14:12:25","date_gmt":"2023-06-02T14:12:25","guid":{"rendered":"https:\/\/20000lenguas.com\/fr\/?page_id=14"},"modified":"2023-09-27T16:50:46","modified_gmt":"2023-09-27T16:50:46","slug":"services","status":"publish","type":"page","link":"https:\/\/20000lenguas.com\/fr\/services\/","title":{"rendered":"Services"},"content":{"rendered":"\n<section class=\"wp-block-tema20klenguas-headerdestacados comun-headerdestacados\"><div class=\"headerdestacados-texto\"><div class=\"headerdestacados-contenedortexto\"><h1>Servicios<\/h1><p>Assistance individuelle ou collective adapt\u00e9e aux besoins et aux attentes de votre entreprise<\/p><\/div><\/div><div class=\"headerdestacados-contenedorresalto\"><div class=\"headerdestacados-contenedordestacados\">\n<div class=\"wp-block-tema20klenguas-destacado headerdestacados-destacado\"><div class=\"comun-tituloconicono\"><div class=\"tituloconicono-icono\"><svg xmlns=\"http:\/\/www.w3.org\/2000\/svg\" viewBox=\"0 0 20 20\" fill=\"none\"><g xmlns=\"http:\/\/www.w3.org\/2000\/svg\" id=\"SVGRepo_bgCarrier\" stroke-width=\"0\"\/><g xmlns=\"http:\/\/www.w3.org\/2000\/svg\" id=\"SVGRepo_tracerCarrier\" stroke-linecap=\"round\" stroke-linejoin=\"round\"\/><g xmlns=\"http:\/\/www.w3.org\/2000\/svg\" id=\"SVGRepo_iconCarrier\"> <path stroke=\"#214b79\" stroke-linecap=\"round\" stroke-linejoin=\"round\" stroke-width=\"2\" d=\"M17 5L8 15l-5-4\"\/> <\/g><\/svg><\/div><\/div><h2>Solutions sur mesure pour vos projets professionnels<\/h2><\/div>\n\n\n\n<div class=\"wp-block-tema20klenguas-destacado headerdestacados-destacado\"><div class=\"comun-tituloconicono\"><div class=\"tituloconicono-icono\"><svg xmlns=\"http:\/\/www.w3.org\/2000\/svg\" viewBox=\"0 0 24 24\" id=\"price-tag\" class=\"icon glyph\" fill=\"#000000\" transform=\"matrix(-1, 0, 0, 1, 0, 0)\"><g xmlns=\"http:\/\/www.w3.org\/2000\/svg\" id=\"SVGRepo_bgCarrier\" stroke-width=\"0\"\/><g xmlns=\"http:\/\/www.w3.org\/2000\/svg\" id=\"SVGRepo_tracerCarrier\" stroke-linecap=\"round\" stroke-linejoin=\"round\"\/><g xmlns=\"http:\/\/www.w3.org\/2000\/svg\" id=\"SVGRepo_iconCarrier\"><path d=\"M20,2H14a1,1,0,0,0-.7.29L3,12.55a2,2,0,0,0,0,2.83L8.62,21a2,2,0,0,0,1.41.59h0A2,2,0,0,0,11.45,21L21.71,10.7A1,1,0,0,0,22,10V4A2,2,0,0,0,20,2ZM16.5,9A1.5,1.5,0,1,1,18,7.5,1.5,1.5,0,0,1,16.5,9Z\" style=\"fill:#214b79\"\/><\/g><\/svg><\/div><\/div><h2>Prix abordables et transparents <\/h2><\/div>\n\n\n\n<div class=\"wp-block-tema20klenguas-destacado headerdestacados-destacado\"><div class=\"comun-tituloconicono\"><div class=\"tituloconicono-icono\"><svg xmlns=\"http:\/\/www.w3.org\/2000\/svg\" xmlns:xlink=\"http:\/\/www.w3.org\/1999\/xlink\" viewBox=\"0 0 20 20\" version=\"1.1\" fill=\"#000000\"><g xmlns=\"http:\/\/www.w3.org\/2000\/svg\" id=\"SVGRepo_bgCarrier\" stroke-width=\"0\"\/><g xmlns=\"http:\/\/www.w3.org\/2000\/svg\" id=\"SVGRepo_tracerCarrier\" stroke-linecap=\"round\" stroke-linejoin=\"round\"\/><g xmlns=\"http:\/\/www.w3.org\/2000\/svg\" id=\"SVGRepo_iconCarrier\"> <title>clock [#1315]<\/title> <desc>Created with Sketch.<\/desc> <defs> <\/defs> <g id=\"Page-1\" stroke=\"none\" stroke-width=\"1\" fill=\"none\" fill-rule=\"evenodd\"> <g id=\"Dribbble-Light-Preview\" transform=\"translate(-340.000000, -2319.000000)\" fill=\"#214b79\"> <g id=\"icons\" transform=\"translate(56.000000, 160.000000)\"> <path d=\"M302,2169 C302,2164.589 298.411,2161 294,2161 C289.589,2161 286,2164.589 286,2169 C286,2173.411 289.589,2177 294,2177 C298.411,2177 302,2173.411 302,2169 M304,2169 C304,2174.523 299.523,2179 294,2179 C288.477,2179 284,2174.523 284,2169 C284,2163.477 288.477,2159 294,2159 C299.523,2159 304,2163.477 304,2169 M300,2170 C300,2170.552 299.552,2171 299,2171 L295,2171 C293.895,2171 293,2170.105 293,2169 L293,2164 C293,2163.448 293.448,2163 294,2163 C294.552,2163 295,2163.448 295,2164 L295,2168 C295,2168.55 295.45,2169 296,2169 L299,2169 C299.552,2169 300,2169.448 300,2170\" id=\"clock-[#1315]\"> <\/path> <\/g> <\/g> <\/g> <\/g><\/svg><\/div><\/div><h2>Contact facile et direct avec des horaires flexibles<\/h2><\/div>\n<\/div><div class=\"headerdestacados-franjaazul\"><\/div><\/div><\/section>\n\n\n\n<section class=\"wp-block-tema20klenguas-servicios seccion-serviciosPG\"><div class=\"comun-contenedorseccion\">\n<div class=\"wp-block-tema20klenguas-tarjetaservicio servicios-tarjetaservicio\"><div class=\"comun-tituloconicono\"><div class=\"tituloconicono-icono\"><svg xmlns=\"http:\/\/www.w3.org\/2000\/svg\" viewBox=\"0 0 24 24\" id=\"Layer_1\" data-name=\"Layer 1\" fill=\"#000000\"><g xmlns=\"http:\/\/www.w3.org\/2000\/svg\" id=\"SVGRepo_bgCarrier\" stroke-width=\"0\"\/><g xmlns=\"http:\/\/www.w3.org\/2000\/svg\" id=\"SVGRepo_tracerCarrier\" stroke-linecap=\"round\" stroke-linejoin=\"round\"\/><g xmlns=\"http:\/\/www.w3.org\/2000\/svg\" id=\"SVGRepo_iconCarrier\"><defs><style>.cls-1{fill:none;stroke:#214b79;stroke-miterlimit:10;stroke-width:1.91px;}<\/style><\/defs><line class=\"cls-1\" x1=\"6.27\" y1=\"14.86\" x2=\"13.91\" y2=\"14.86\"\/><line class=\"cls-1\" x1=\"6.27\" y1=\"11.05\" x2=\"13.91\" y2=\"11.05\"\/><line class=\"cls-1\" x1=\"6.27\" y1=\"18.68\" x2=\"13.91\" y2=\"18.68\"\/><polygon class=\"cls-1\" points=\"16.77 8.18 16.77 22.5 3.41 22.5 3.41 5.32 13.91 5.32 16.77 8.18\"\/><polyline class=\"cls-1\" points=\"16.77 18.68 20.59 18.68 20.59 4.36 17.73 1.5 7.23 1.5 7.23 5.32\"\/><\/g><\/svg><\/div><h3><strong>Cr\u00e9ation de contenu<\/strong><\/h3><\/div><p>Textes disponibles en plusieurs langues pour votre site web, r\u00e9seaux sociaux, blog ainsi que la pr\u00e9paration et \u00e9laboration de tout type de mat\u00e9riel de marketing (d\u00e9pliants, pr\u00e9sentations, brochures, etc.).<\/p><div class=\"contenedor-listaservicios\"><\/div><\/div>\n\n\n\n<div class=\"wp-block-tema20klenguas-tarjetaservicio servicios-tarjetaservicio\"><div class=\"comun-tituloconicono\"><div class=\"tituloconicono-icono\"><svg xmlns=\"http:\/\/www.w3.org\/2000\/svg\" fill=\"#214b79\" viewBox=\"0 0 32 32\" preserveAspectRatio=\"xMidYMid\"><g xmlns=\"http:\/\/www.w3.org\/2000\/svg\" id=\"SVGRepo_bgCarrier\" stroke-width=\"0\"\/><g xmlns=\"http:\/\/www.w3.org\/2000\/svg\" id=\"SVGRepo_tracerCarrier\" stroke-linecap=\"round\" stroke-linejoin=\"round\"\/><g xmlns=\"http:\/\/www.w3.org\/2000\/svg\" id=\"SVGRepo_iconCarrier\"> <path d=\"M16.000,32.000 C7.178,32.000 -0.000,24.822 -0.000,16.000 C-0.000,7.178 7.178,-0.000 16.000,-0.000 C24.822,-0.000 32.000,7.178 32.000,16.000 C32.000,24.822 24.822,32.000 16.000,32.000 ZM29.410,20.000 L22.917,20.000 C22.216,21.209 21.209,22.216 20.000,22.917 L20.000,29.410 C24.507,28.064 28.064,24.507 29.410,20.000 ZM16.000,10.000 C12.691,10.000 10.000,12.691 10.000,16.000 C10.000,19.309 12.691,22.000 16.000,22.000 C19.309,22.000 22.000,19.309 22.000,16.000 C22.000,12.691 19.309,10.000 16.000,10.000 ZM16.000,30.000 C16.681,30.000 17.345,29.935 18.000,29.840 L18.000,23.737 C17.359,23.902 16.692,24.000 16.000,24.000 C15.308,24.000 14.641,23.902 14.000,23.737 L14.000,29.840 C14.655,29.935 15.319,30.000 16.000,30.000 ZM12.000,29.410 L12.000,22.917 C10.791,22.216 9.784,21.209 9.083,20.000 L2.590,20.000 C3.936,24.507 7.493,28.064 12.000,29.410 ZM2.000,16.000 C2.000,16.681 2.065,17.345 2.160,18.000 L8.263,18.000 C8.097,17.359 8.000,16.692 8.000,16.000 C8.000,15.308 8.097,14.641 8.263,14.000 L2.160,14.000 C2.065,14.655 2.000,15.319 2.000,16.000 ZM2.590,12.000 L9.083,12.000 C9.784,10.791 10.791,9.784 12.000,9.082 L12.000,2.590 C7.493,3.936 3.936,7.493 2.590,12.000 ZM16.000,2.000 C15.319,2.000 14.655,2.065 14.000,2.160 L14.000,8.263 C14.641,8.097 15.308,8.000 16.000,8.000 C16.692,8.000 17.359,8.097 18.000,8.263 L18.000,2.160 C17.345,2.065 16.681,2.000 16.000,2.000 ZM20.000,2.590 L20.000,9.082 C21.209,9.784 22.216,10.791 22.918,12.000 L29.410,12.000 C28.064,7.493 24.507,3.936 20.000,2.590 ZM23.737,14.000 C23.903,14.641 24.000,15.308 24.000,16.000 C24.000,16.692 23.903,17.359 23.737,18.000 L29.840,18.000 C29.935,17.345 30.000,16.681 30.000,16.000 C30.000,15.319 29.935,14.655 29.840,14.000 L23.737,14.000 Z\"\/> <\/g><\/svg><\/div><h3><strong>Mentoring<\/strong><\/h3><\/div><p>Accompagnement dans le d\u00e9veloppement professionnel de votre entreprise afin d&rsquo;augmenter la confiance et la satisfaction de vos clients.<\/p><div class=\"contenedor-listaservicios\"><\/div><\/div>\n\n\n\n<div class=\"wp-block-tema20klenguas-tarjetaservicio servicios-tarjetaservicio\"><div class=\"comun-tituloconicono\"><div class=\"tituloconicono-icono\"><svg xmlns=\"http:\/\/www.w3.org\/2000\/svg\" xmlns:xlink=\"http:\/\/www.w3.org\/1999\/xlink\" fill=\"#214b79\" version=\"1.1\" id=\"Capa_1\" viewBox=\"0 0 388 388\" xml:space=\"preserve\" stroke=\"#214b79\"><g xmlns=\"http:\/\/www.w3.org\/2000\/svg\" id=\"SVGRepo_bgCarrier\" stroke-width=\"0\"\/><g xmlns=\"http:\/\/www.w3.org\/2000\/svg\" id=\"SVGRepo_tracerCarrier\" stroke-linecap=\"round\" stroke-linejoin=\"round\"\/><g xmlns=\"http:\/\/www.w3.org\/2000\/svg\" id=\"SVGRepo_iconCarrier\"> <g> <path d=\"M372.74,23.142c-5.607-2.322-12.058-1.039-16.347,3.252l-336,336c-4.29,4.29-5.573,10.741-3.252,16.347 C19.463,384.346,24.933,388,31,388h336c8.284,0,15-6.716,15-15V37C382,30.933,378.345,25.464,372.74,23.142z M352,358H67.213 L352,73.213V358z\"\/> <path d=\"M285.114,45.028l-6.646,22.277c-1.579,5.292,1.431,10.862,6.724,12.441c0.954,0.284,1.916,0.42,2.863,0.42 c4.307-0.001,8.284-2.806,9.579-7.145l17.949-60.164c1.05-3.52,0.086-7.332-2.511-9.93c-2.597-2.597-6.409-3.561-9.93-2.512 l-60.165,17.948c-5.292,1.579-8.303,7.149-6.724,12.441c1.579,5.293,7.147,8.305,12.441,6.725l22.278-6.646L8.929,292.929 c-3.905,3.905-3.905,10.237,0,14.143C10.881,309.023,13.441,310,16,310s5.119-0.977,7.071-2.929L285.114,45.028z\"\/> <\/g> <\/g><\/svg><\/div><h3><strong>Soutien<\/strong><\/h3><\/div><p>Assistance professionnelle pour d\u00e9terminer les actions sp\u00e9cifiques \u00e0 appliquer \u00e0 un probl\u00e8me individuel ou professionnel.<\/p><div class=\"contenedor-listaservicios\"><\/div><\/div>\n\n\n\n<div class=\"wp-block-tema20klenguas-tarjetaservicio servicios-tarjetaservicio\"><div class=\"comun-tituloconicono\"><div class=\"tituloconicono-icono\"><svg xmlns=\"http:\/\/www.w3.org\/2000\/svg\" xmlns:xlink=\"http:\/\/www.w3.org\/1999\/xlink\" xmlns:serif=\"http:\/\/www.serif.com\/\" fill=\"#214b79\" viewBox=\"0 0 64 64\" version=\"1.1\" xml:space=\"preserve\" style=\"fill-rule:evenodd;clip-rule:evenodd;stroke-linejoin:round;stroke-miterlimit:2\" stroke=\"#214b79\"><g xmlns=\"http:\/\/www.w3.org\/2000\/svg\" id=\"SVGRepo_bgCarrier\" stroke-width=\"0\"\/><g xmlns=\"http:\/\/www.w3.org\/2000\/svg\" id=\"SVGRepo_tracerCarrier\" stroke-linecap=\"round\" stroke-linejoin=\"round\"\/><g xmlns=\"http:\/\/www.w3.org\/2000\/svg\" id=\"SVGRepo_iconCarrier\"> <rect id=\"Icons\" x=\"-640\" y=\"-192\" width=\"1280\" height=\"800\" style=\"fill:none;\"\/> <g id=\"Icons1\" xmlns:serif=\"http:\/\/www.serif.com\/\" serif:id=\"Icons\"> <g id=\"Strike\"> <\/g> <g id=\"H1\"> <\/g> <g id=\"H2\"> <\/g> <g id=\"H3\"> <\/g> <g id=\"list-ul\"> <\/g> <g id=\"hamburger-1\"> <\/g> <g id=\"hamburger-2\"> <\/g> <g id=\"list-ol\"> <\/g> <g id=\"list-task\"> <\/g> <g id=\"trash\"> <\/g> <g id=\"vertical-menu\"> <\/g> <g id=\"horizontal-menu\"> <\/g> <g id=\"sidebar-2\"> <\/g> <g id=\"Pen\"> <\/g> <g id=\"Pen1\" serif:id=\"Pen\"> <\/g> <g id=\"clock\"> <\/g> <g id=\"external-link\"> <\/g> <g id=\"hr\"> <\/g> <g id=\"info\"> <\/g> <g id=\"warning\"> <\/g> <g id=\"plus-circle\"> <\/g> <g id=\"minus-circle\"> <\/g> <g id=\"vue\"> <\/g> <g id=\"cog\"> <\/g> <g id=\"logo\"> <\/g> <path id=\"question\" d=\"M27.952,42.387c0.043,-2.56 0.333,-4.583 0.871,-6.068c0.538,-1.485 1.636,-3.131 3.293,-4.939l4.229,-4.358c1.807,-2.044 2.711,-4.239 2.711,-6.585c0,-2.259 -0.592,-4.029 -1.775,-5.31c-1.184,-1.28 -2.905,-1.92 -5.165,-1.92c-2.195,0 -3.96,0.581 -5.294,1.743c-1.334,1.162 -2.001,2.722 -2.001,4.68l-5.972,0c0.043,-3.486 1.286,-6.3 3.728,-8.441c2.443,-2.141 5.622,-3.212 9.539,-3.212c4.067,0 7.236,1.092 9.506,3.277c2.271,2.184 3.406,5.181 3.406,8.99c0,3.765 -1.743,7.478 -5.229,11.136l-3.519,3.486c-1.571,1.743 -2.356,4.25 -2.356,7.521l-5.972,0Zm-0.258,10.233c0,-0.968 0.296,-1.781 0.887,-2.437c0.592,-0.656 1.469,-0.985 2.631,-0.985c1.162,0 2.045,0.329 2.647,0.985c0.603,0.656 0.904,1.469 0.904,2.437c0,0.969 -0.301,1.77 -0.904,2.405c-0.602,0.635 -1.485,0.952 -2.647,0.952c-1.162,0 -2.039,-0.317 -2.631,-0.952c-0.591,-0.635 -0.887,-1.436 -0.887,-2.405Z\" style=\"fill-rule:nonzero;\"\/> <g id=\"radio-check\"> <\/g> <g id=\"eye-slash\"> <\/g> <g id=\"eye\"> <\/g> <g id=\"toggle-off\"> <\/g> <g id=\"shredder\"> <\/g> <g id=\"spinner--loading--dots-\" serif:id=\"spinner [loading, dots]\"> <\/g> <g id=\"react\"> <\/g> <g id=\"check-selected\"> <\/g> <g id=\"turn-off\"> <\/g> <g id=\"code-block\"> <\/g> <g id=\"user\"> <\/g> <g id=\"coffee-bean\"> <\/g> <g id=\"coffee-beans\"> <g id=\"coffee-bean1\" serif:id=\"coffee-bean\"> <\/g> <\/g> <g id=\"coffee-bean-filled\"> <\/g> <g id=\"coffee-beans-filled\"> <g id=\"coffee-bean2\" serif:id=\"coffee-bean\"> <\/g> <\/g> <g id=\"clipboard\"> <\/g> <g id=\"clipboard-paste\"> <\/g> <g id=\"clipboard-copy\"> <\/g> <g id=\"Layer1\"> <\/g> <\/g> <\/g><\/svg><\/div><h3><strong>Consultancy<\/strong><\/h3><\/div><p>Cr\u00e9ation de strat\u00e9gies ax\u00e9es sur la r\u00e9solution des difficult\u00e9s de l&rsquo;entreprise.<\/p><div class=\"contenedor-listaservicios\"><\/div><\/div>\n\n\n\n<div class=\"wp-block-tema20klenguas-tarjetaservicio servicios-tarjetaservicio\"><div class=\"comun-tituloconicono\"><div class=\"tituloconicono-icono\"><svg xmlns=\"http:\/\/www.w3.org\/2000\/svg\" viewBox=\"0 0 24 24\" fill=\"none\"><g xmlns=\"http:\/\/www.w3.org\/2000\/svg\" id=\"SVGRepo_bgCarrier\" stroke-width=\"0\"\/><g xmlns=\"http:\/\/www.w3.org\/2000\/svg\" id=\"SVGRepo_tracerCarrier\" stroke-linecap=\"round\" stroke-linejoin=\"round\"\/><g xmlns=\"http:\/\/www.w3.org\/2000\/svg\" id=\"SVGRepo_iconCarrier\"> <path d=\"M22 16.7399V4.66994C22 3.46994 21.02 2.57994 19.83 2.67994H19.77C17.67 2.85994 14.48 3.92994 12.7 5.04994L12.53 5.15994C12.24 5.33994 11.76 5.33994 11.47 5.15994L11.22 5.00994C9.44 3.89994 6.26 2.83994 4.16 2.66994C2.97 2.56994 2 3.46994 2 4.65994V16.7399C2 17.6999 2.78 18.5999 3.74 18.7199L4.03 18.7599C6.2 19.0499 9.55 20.1499 11.47 21.1999L11.51 21.2199C11.78 21.3699 12.21 21.3699 12.47 21.2199C14.39 20.1599 17.75 19.0499 19.93 18.7599L20.26 18.7199C21.22 18.5999 22 17.6999 22 16.7399Z\" stroke=\"#214b79\" stroke-width=\"1.5\" stroke-linecap=\"round\" stroke-linejoin=\"round\"\/> <path d=\"M12 5.48999V20.49\" stroke=\"#214b79\" stroke-width=\"1.5\" stroke-linecap=\"round\" stroke-linejoin=\"round\"\/> <path d=\"M7.75 8.48999H5.5\" stroke=\"#214b79\" stroke-width=\"1.5\" stroke-linecap=\"round\" stroke-linejoin=\"round\"\/> <path d=\"M8.5 11.49H5.5\" stroke=\"#214b79\" stroke-width=\"1.5\" stroke-linecap=\"round\" stroke-linejoin=\"round\"\/> <\/g><\/svg><\/div><h3><strong>Formation<\/strong><\/h3><\/div><p>Cours, conf\u00e9rences et s\u00e9minaires con\u00e7us pour aider votre entreprise \u00e0 \u00e9voluer individuellement ou collectivement.<\/p><div class=\"contenedor-listaservicios\"><\/div><\/div>\n<\/div><\/section>\n","protected":false},"excerpt":{"rendered":"","protected":false},"author":1,"featured_media":0,"parent":0,"menu_order":0,"comment_status":"closed","ping_status":"closed","template":"","meta":[],"jetpack_sharing_enabled":true,"_links":{"self":[{"href":"https:\/\/20000lenguas.com\/fr\/wp-json\/wp\/v2\/pages\/14"}],"collection":[{"href":"https:\/\/20000lenguas.com\/fr\/wp-json\/wp\/v2\/pages"}],"about":[{"href":"https:\/\/20000lenguas.com\/fr\/wp-json\/wp\/v2\/types\/page"}],"author":[{"embeddable":true,"href":"https:\/\/20000lenguas.com\/fr\/wp-json\/wp\/v2\/users\/1"}],"replies":[{"embeddable":true,"href":"https:\/\/20000lenguas.com\/fr\/wp-json\/wp\/v2\/comments?post=14"}],"version-history":[{"count":4,"href":"https:\/\/20000lenguas.com\/fr\/wp-json\/wp\/v2\/pages\/14\/revisions"}],"predecessor-version":[{"id":138,"href":"https:\/\/20000lenguas.com\/fr\/wp-json\/wp\/v2\/pages\/14\/revisions\/138"}],"wp:attachment":[{"href":"https:\/\/20000lenguas.com\/fr\/wp-json\/wp\/v2\/media?parent=14"}],"curies":[{"name":"wp","href":"https:\/\/api.w.org\/{rel}","templated":true}]}}