{"id":16,"date":"2023-06-02T14:13:06","date_gmt":"2023-06-02T14:13:06","guid":{"rendered":"https:\/\/20000lenguas.com\/fr\/?page_id=16"},"modified":"2023-09-27T16:55:55","modified_gmt":"2023-09-27T16:55:55","slug":"avis","status":"publish","type":"page","link":"https:\/\/20000lenguas.com\/fr\/avis\/","title":{"rendered":"T\u00e9moignages clients"},"content":{"rendered":"\n<section class=\"wp-block-tema20klenguas-headeropiniones comun-headerdestacados\"><div class=\"headerdestacados-texto\"><div class=\"headerdestacados-contenedortexto\"><h1>T\u00e9moignages clients<\/h1><p>D\u00e9couvrez les opinions de mes clients et pourquoi ils travaillent avec moi<\/p><\/div><\/div><div class=\"headerdestacados-contenedorresalto\"><div class=\"headerdestacados-contenedordestacados\"><div class=\"headerdestacados-destacado\" id=\"opiniondestacada\"><h2>T\u00e9moignage client<\/h2><p>Au nom du Comit\u00e9 ex\u00e9cutif de FIT LatAm, nous tenons \u00e0 vous remercier d\u2019avoir partag\u00e9 vos connaissances avec vos coll\u00e8gues et d&rsquo;avoir pr\u00e9sent\u00e9 cette conf\u00e9rence tr\u00e8s int\u00e9ressante. Cela a \u00e9t\u00e9 un grand succ\u00e8s et nous continuons \u00e0 recevoir de nombreux retours tr\u00e8s positifs \u2013 nous avons re\u00e7u plus de 300 demandes d\u2019inscription, battant ainsi notre propre record !<br>Cela a \u00e9t\u00e9 un honneur de vous avoir comme pr\u00e9sentatrice parmi nous tous et nous attendons avec impatience d&rsquo;organiser tout une prochaine fois.<\/p><p>&#8211; Dagmar F.\u00a0<\/p><\/div><\/div><div class=\"headerdestacados-franjaazul\"><\/div><\/div><\/section>\n\n\n\n<section class=\"wp-block-tema20klenguas-lp-opiniones seccion-opiniones\" id=\"lpopiniones\"><div class=\"comun-contenedorseccion\"><div class=\"comun-titulodoscol\"><\/div><div class=\"opiniones-contenedor\">\n<div class=\"wp-block-tema20klenguas-opinion opiniones-opinion\"><div class=\"opiniones-nombre\"><p>V\u00edctor<\/p><\/div><p>Merci beaucoup pour vos commentaires, Olga. C&rsquo;\u00e9tait un plaisir de vous rencontrer \u00e0 nouveau (depuis que je vous ai trouv\u00e9e sur votre blog il y a quelque temps). Je vous remercie \u00e9galement d&rsquo;\u00eatre une source d&rsquo;inspiration dans cette grande profession que nous partageons.<\/p><\/div>\n\n\n\n<div class=\"wp-block-tema20klenguas-opinion opiniones-opinion\"><div class=\"opiniones-nombre\"><p>P. R.<\/p><\/div><p>Bonjour, Olga ! Je vous suis depuis le d\u00e9but de mes \u00e9tudes, en 2014. Votre blog, 20 000 lenguas, est la meilleure chose que j&rsquo;ai lue (et que je continue de lire) et je vous en f\u00e9licite de tout c\u0153ur. Vous motivez tant de personnes et c&rsquo;est une chose tr\u00e8s, tr\u00e8s touchante de nos jours.<br>Je vous souhaite tout le bonheur et tout le succ\u00e8s possible.<\/p><\/div>\n\n\n\n<div class=\"wp-block-tema20klenguas-opinion opiniones-opinion\"><div class=\"opiniones-nombre\"><p>Pablo M.<\/p><\/div><p>Dans un environnement plein de blogs inutiles, le blog d&rsquo;Olga \u00ab\u00a020000lenguas\u00a0\u00bb se distingue par tout : la pr\u00e9sentation, l&rsquo;\u00e9criture, l&rsquo;opportunit\u00e9 et surtout, par la facilit\u00e9, l&rsquo;utilit\u00e9, l&rsquo;information et la facilit\u00e9 avec laquelle on lit les articles. Je recommande vivement de le suivre, ainsi que le compte Twitter d\u2019Olga que vous trouverez comme @OlgaJeNo. Merci, Olga !<\/p><\/div>\n\n\n\n<div class=\"wp-block-tema20klenguas-opinion opiniones-opinion\"><div class=\"opiniones-nombre\"><p>Noelia G.<\/p><\/div><p>Merci Olga ! J&rsquo;aime beaucoup ce que vous \u00e9crivez et partagez. J\u2019aime \u00e9galement votre professionnalisme et votre int\u00e9grit\u00e9 dans un march\u00e9 min\u00e9 de mauvaises pratiques. Je vous en remercie.<\/p><\/div>\n\n\n\n<div class=\"wp-block-tema20klenguas-opinion opiniones-opinion\"><div class=\"opiniones-nombre\"><p>Laura R.<\/p><\/div><p>F\u00e9licitations \u00e0 l&rsquo;AETI UCO pour l&rsquo;organisation fantastique de cette conf\u00e9rence et un grand merci \u00e0 Olga pour avoir partag\u00e9 ses exp\u00e9riences et ses conseils avec nous.<\/p><\/div>\n\n\n\n<div class=\"wp-block-tema20klenguas-opinion opiniones-opinion\"><div class=\"opiniones-nombre\"><p>Sabine H.<\/p><\/div><p>Bonjour Olga ! Je voulais juste vous remercier pour votre pr\u00e9sentation inspirante \u00e0 Bologne. C&rsquo;\u00e9tait un plaisir d&rsquo;\u00e9couter vos id\u00e9es!<\/p><\/div>\n\n\n\n<div class=\"wp-block-tema20klenguas-opinion opiniones-opinion\"><div class=\"opiniones-nombre\"><p>Berenice F.<\/p><\/div><p>J&rsquo;ai la chance de conna\u00eetre Olga depuis pr\u00e8s de dix ans et, au cours de cette p\u00e9riode, nous avons non seulement d\u00e9velopp\u00e9 une collaboration professionnelle dans le monde de la traduction, mais aussi \u00e9tabli une amiti\u00e9 tr\u00e8s profonde, tant sur le plan personnel que professionnel.<br><br>Olga est une personne qui excelle dans tout ce qu&rsquo;elle fait. Elle poss\u00e8de des talents tr\u00e8s particuliers et vari\u00e9s, ainsi qu&rsquo;un potentiel de d\u00e9veloppement illimit\u00e9. Quand je pense \u00e0 Olga, je pense \u00e0 l&rsquo;excellence. Elle combine un talent et une intelligence inn\u00e9s avec un d\u00e9vouement complet \u00e0 tout ce qu&rsquo;elle entreprend et le r\u00e9sultat de ses efforts est toujours l&rsquo;excellence absolue.\u00a0<\/p><\/div>\n\n\n\n<div class=\"wp-block-tema20klenguas-opinion opiniones-opinion\"><div class=\"opiniones-nombre\"><p>Alexandra S.<\/p><\/div><p>Olga a fait donn\u00e9e des cours pour les \u00e9tudiantes de la license de langues \u00e9trang\u00e8res appliqu\u00e9es (LEA de traduction et interpr\u00e9tation) de l&rsquo;Universidad de Alcal\u00e0 de Henares. L&rsquo;objectif \u00e9tait d\u2019introduire la r\u00e9alit\u00e9 professionnelle dans la vie acad\u00e9mique des \u00e9tudiants. Nous avons re\u00e7u du feedback tr\u00e8s positif sur la qualit\u00e9 du contenu d&rsquo;Olga, sur sa proximit\u00e9 et le lien qu\u2019elle \u00e9tablit avec le monde \u00ab\u00a0r\u00e9el\u00a0\u00bb du traducteur professionnel. C\u2019est un plaisir de travailler avec Olga gr\u00e2ce \u00e0 son professionnalisme et sa gentillesse. Les \u00e9tudiants sont toujours ravis car ils d\u00e9couvrent la profession sous un angle plus pratique. De plus, Olga est toujours pr\u00eate \u00e0 s\u2019impliquer et \u00e0 se lancer dans de nouvelles aventures acad\u00e9miques. Travailler avec Olga signifie avoir toujours une garantie de r\u00e9ussite et de qualit\u00e9.<\/p><\/div>\n<\/div><\/div><\/section>\n","protected":false},"excerpt":{"rendered":"","protected":false},"author":1,"featured_media":0,"parent":0,"menu_order":0,"comment_status":"closed","ping_status":"closed","template":"","meta":[],"jetpack_sharing_enabled":true,"_links":{"self":[{"href":"https:\/\/20000lenguas.com\/fr\/wp-json\/wp\/v2\/pages\/16"}],"collection":[{"href":"https:\/\/20000lenguas.com\/fr\/wp-json\/wp\/v2\/pages"}],"about":[{"href":"https:\/\/20000lenguas.com\/fr\/wp-json\/wp\/v2\/types\/page"}],"author":[{"embeddable":true,"href":"https:\/\/20000lenguas.com\/fr\/wp-json\/wp\/v2\/users\/1"}],"replies":[{"embeddable":true,"href":"https:\/\/20000lenguas.com\/fr\/wp-json\/wp\/v2\/comments?post=16"}],"version-history":[{"count":12,"href":"https:\/\/20000lenguas.com\/fr\/wp-json\/wp\/v2\/pages\/16\/revisions"}],"predecessor-version":[{"id":143,"href":"https:\/\/20000lenguas.com\/fr\/wp-json\/wp\/v2\/pages\/16\/revisions\/143"}],"wp:attachment":[{"href":"https:\/\/20000lenguas.com\/fr\/wp-json\/wp\/v2\/media?parent=16"}],"curies":[{"name":"wp","href":"https:\/\/api.w.org\/{rel}","templated":true}]}}