{"id":6,"date":"2023-06-02T11:51:51","date_gmt":"2023-06-02T11:51:51","guid":{"rendered":"https:\/\/20000lenguas.com\/fr\/?page_id=6"},"modified":"2023-09-28T10:59:49","modified_gmt":"2023-09-28T10:59:49","slug":"home","status":"publish","type":"page","link":"https:\/\/20000lenguas.com\/fr\/","title":{"rendered":"D\u2019accueil"},"content":{"rendered":"\n<section class=\"wp-block-tema20klenguas-lp-header margintop seccion-cabecero\"><div class=\"comun-contenedorseccion\"><div class=\"cabecero-texto\"><h1>Let your brand&rsquo;s<br\/>story be heard<\/h1><h2>Marketing, communication et traduction<\/h2><div class=\"cabecero-CTA\"><a href=\"https:\/\/20000lenguas.com\/fr\/contact\/\" id=\"cabecero-cta\" aria-label=\"\">Contact<\/a><a href=\"https:\/\/20000lenguas.com\/fr\/blog\/\" aria-label=\"\">voir blog<\/a><\/div><\/div><img decoding=\"async\" src=\"http:\/\/20000lenguas.com\/fr\/wp-content\/uploads\/sites\/3\/2023\/09\/header_french.png\" draggable=\"false\" alt=\"\"\/><\/div><\/section>\n\n\n\n<section class=\"wp-block-tema20klenguas-lp-servicios seccion-servicios\" id=\"lpservicios\"><div class=\"comun-contenedorseccion\"><div class=\"comun-titulodoscol\"><h2>Services<\/h2><p>D\u00e9couvrez les services et les cours propos\u00e9s individuellement ou en groupe pour vous faire atteindre vos objectifs \u00e0 court et \u00e0 long terme<\/p><\/div><div class=\"servicios-contenedortarjetas\">\n<div class=\"wp-block-tema20klenguas-tarjetaservicio servicios-tarjetaservicio\"><div class=\"comun-tituloconicono\"><div class=\"tituloconicono-icono\"><svg xmlns=\"http:\/\/www.w3.org\/2000\/svg\" viewBox=\"0 0 24 24\" id=\"Layer_1\" data-name=\"Layer 1\" fill=\"#000000\"><g xmlns=\"http:\/\/www.w3.org\/2000\/svg\" id=\"SVGRepo_bgCarrier\" stroke-width=\"0\"\/><g xmlns=\"http:\/\/www.w3.org\/2000\/svg\" id=\"SVGRepo_tracerCarrier\" stroke-linecap=\"round\" stroke-linejoin=\"round\"\/><g xmlns=\"http:\/\/www.w3.org\/2000\/svg\" id=\"SVGRepo_iconCarrier\"><defs><style>.cls-1{fill:none;stroke:#214b79;stroke-miterlimit:10;stroke-width:1.91px;}<\/style><\/defs><line class=\"cls-1\" x1=\"6.27\" y1=\"14.86\" x2=\"13.91\" y2=\"14.86\"\/><line class=\"cls-1\" x1=\"6.27\" y1=\"11.05\" x2=\"13.91\" y2=\"11.05\"\/><line class=\"cls-1\" x1=\"6.27\" y1=\"18.68\" x2=\"13.91\" y2=\"18.68\"\/><polygon class=\"cls-1\" points=\"16.77 8.18 16.77 22.5 3.41 22.5 3.41 5.32 13.91 5.32 16.77 8.18\"\/><polyline class=\"cls-1\" points=\"16.77 18.68 20.59 18.68 20.59 4.36 17.73 1.5 7.23 1.5 7.23 5.32\"\/><\/g><\/svg><\/div><h3>Cr\u00e9ation et curation de contenus<\/h3><\/div><p>R\u00e9daction de nouveaux contenus et adaptation et relecture de textes existants<\/p><div class=\"contenedor-listaservicios\"><\/div><\/div>\n\n\n\n<div class=\"wp-block-tema20klenguas-tarjetaservicio servicios-tarjetaservicio\"><div class=\"comun-tituloconicono\"><div class=\"tituloconicono-icono\"><svg xmlns=\"http:\/\/www.w3.org\/2000\/svg\" fill=\"#214b79\" viewBox=\"0 0 32 32\" preserveAspectRatio=\"xMidYMid\"><g xmlns=\"http:\/\/www.w3.org\/2000\/svg\" id=\"SVGRepo_bgCarrier\" stroke-width=\"0\"\/><g xmlns=\"http:\/\/www.w3.org\/2000\/svg\" id=\"SVGRepo_tracerCarrier\" stroke-linecap=\"round\" stroke-linejoin=\"round\"\/><g xmlns=\"http:\/\/www.w3.org\/2000\/svg\" id=\"SVGRepo_iconCarrier\"> <path d=\"M16.000,32.000 C7.178,32.000 -0.000,24.822 -0.000,16.000 C-0.000,7.178 7.178,-0.000 16.000,-0.000 C24.822,-0.000 32.000,7.178 32.000,16.000 C32.000,24.822 24.822,32.000 16.000,32.000 ZM29.410,20.000 L22.917,20.000 C22.216,21.209 21.209,22.216 20.000,22.917 L20.000,29.410 C24.507,28.064 28.064,24.507 29.410,20.000 ZM16.000,10.000 C12.691,10.000 10.000,12.691 10.000,16.000 C10.000,19.309 12.691,22.000 16.000,22.000 C19.309,22.000 22.000,19.309 22.000,16.000 C22.000,12.691 19.309,10.000 16.000,10.000 ZM16.000,30.000 C16.681,30.000 17.345,29.935 18.000,29.840 L18.000,23.737 C17.359,23.902 16.692,24.000 16.000,24.000 C15.308,24.000 14.641,23.902 14.000,23.737 L14.000,29.840 C14.655,29.935 15.319,30.000 16.000,30.000 ZM12.000,29.410 L12.000,22.917 C10.791,22.216 9.784,21.209 9.083,20.000 L2.590,20.000 C3.936,24.507 7.493,28.064 12.000,29.410 ZM2.000,16.000 C2.000,16.681 2.065,17.345 2.160,18.000 L8.263,18.000 C8.097,17.359 8.000,16.692 8.000,16.000 C8.000,15.308 8.097,14.641 8.263,14.000 L2.160,14.000 C2.065,14.655 2.000,15.319 2.000,16.000 ZM2.590,12.000 L9.083,12.000 C9.784,10.791 10.791,9.784 12.000,9.082 L12.000,2.590 C7.493,3.936 3.936,7.493 2.590,12.000 ZM16.000,2.000 C15.319,2.000 14.655,2.065 14.000,2.160 L14.000,8.263 C14.641,8.097 15.308,8.000 16.000,8.000 C16.692,8.000 17.359,8.097 18.000,8.263 L18.000,2.160 C17.345,2.065 16.681,2.000 16.000,2.000 ZM20.000,2.590 L20.000,9.082 C21.209,9.784 22.216,10.791 22.918,12.000 L29.410,12.000 C28.064,7.493 24.507,3.936 20.000,2.590 ZM23.737,14.000 C23.903,14.641 24.000,15.308 24.000,16.000 C24.000,16.692 23.903,17.359 23.737,18.000 L29.840,18.000 C29.935,17.345 30.000,16.681 30.000,16.000 C30.000,15.319 29.935,14.655 29.840,14.000 L23.737,14.000 Z\"\/> <\/g><\/svg><\/div><h3>Conseils et consultations<\/h3><\/div><p>Accompagnement \u00e0 court et \u00e0 long terme de projets d&rsquo;entreprise<\/p><div class=\"contenedor-listaservicios\"><\/div><\/div>\n\n\n\n<div class=\"wp-block-tema20klenguas-tarjetaservicio servicios-tarjetaservicio\"><div class=\"comun-tituloconicono\"><div class=\"tituloconicono-icono\"><svg xmlns=\"http:\/\/www.w3.org\/2000\/svg\" xmlns:xlink=\"http:\/\/www.w3.org\/1999\/xlink\" fill=\"#214b79\" version=\"1.1\" id=\"Capa_1\" viewBox=\"0 0 388 388\" xml:space=\"preserve\" stroke=\"#214b79\"><g xmlns=\"http:\/\/www.w3.org\/2000\/svg\" id=\"SVGRepo_bgCarrier\" stroke-width=\"0\"\/><g xmlns=\"http:\/\/www.w3.org\/2000\/svg\" id=\"SVGRepo_tracerCarrier\" stroke-linecap=\"round\" stroke-linejoin=\"round\"\/><g xmlns=\"http:\/\/www.w3.org\/2000\/svg\" id=\"SVGRepo_iconCarrier\"> <g> <path d=\"M372.74,23.142c-5.607-2.322-12.058-1.039-16.347,3.252l-336,336c-4.29,4.29-5.573,10.741-3.252,16.347 C19.463,384.346,24.933,388,31,388h336c8.284,0,15-6.716,15-15V37C382,30.933,378.345,25.464,372.74,23.142z M352,358H67.213 L352,73.213V358z\"\/> <path d=\"M285.114,45.028l-6.646,22.277c-1.579,5.292,1.431,10.862,6.724,12.441c0.954,0.284,1.916,0.42,2.863,0.42 c4.307-0.001,8.284-2.806,9.579-7.145l17.949-60.164c1.05-3.52,0.086-7.332-2.511-9.93c-2.597-2.597-6.409-3.561-9.93-2.512 l-60.165,17.948c-5.292,1.579-8.303,7.149-6.724,12.441c1.579,5.293,7.147,8.305,12.441,6.725l22.278-6.646L8.929,292.929 c-3.905,3.905-3.905,10.237,0,14.143C10.881,309.023,13.441,310,16,310s5.119-0.977,7.071-2.929L285.114,45.028z\"\/> <\/g> <\/g><\/svg><\/div><h3>Coaching<\/h3><\/div><p>Formation visant \u00e0 d\u00e9velopper des comp\u00e9tences sp\u00e9cifiques sur une base individuelle ou collective<\/p><div class=\"contenedor-listaservicios\"><\/div><\/div>\n\n\n\n<div class=\"wp-block-tema20klenguas-tarjetaservicio servicios-tarjetaservicio\"><div class=\"comun-tituloconicono\"><div class=\"tituloconicono-icono\"><svg xmlns=\"http:\/\/www.w3.org\/2000\/svg\" viewBox=\"0 0 24 24\" fill=\"none\"><g xmlns=\"http:\/\/www.w3.org\/2000\/svg\" id=\"SVGRepo_bgCarrier\" stroke-width=\"0\"\/><g xmlns=\"http:\/\/www.w3.org\/2000\/svg\" id=\"SVGRepo_tracerCarrier\" stroke-linecap=\"round\" stroke-linejoin=\"round\"\/><g xmlns=\"http:\/\/www.w3.org\/2000\/svg\" id=\"SVGRepo_iconCarrier\"> <path d=\"M22 16.7399V4.66994C22 3.46994 21.02 2.57994 19.83 2.67994H19.77C17.67 2.85994 14.48 3.92994 12.7 5.04994L12.53 5.15994C12.24 5.33994 11.76 5.33994 11.47 5.15994L11.22 5.00994C9.44 3.89994 6.26 2.83994 4.16 2.66994C2.97 2.56994 2 3.46994 2 4.65994V16.7399C2 17.6999 2.78 18.5999 3.74 18.7199L4.03 18.7599C6.2 19.0499 9.55 20.1499 11.47 21.1999L11.51 21.2199C11.78 21.3699 12.21 21.3699 12.47 21.2199C14.39 20.1599 17.75 19.0499 19.93 18.7599L20.26 18.7199C21.22 18.5999 22 17.6999 22 16.7399Z\" stroke=\"#214b79\" stroke-width=\"1.5\" stroke-linecap=\"round\" stroke-linejoin=\"round\"\/> <path d=\"M12 5.48999V20.49\" stroke=\"#214b79\" stroke-width=\"1.5\" stroke-linecap=\"round\" stroke-linejoin=\"round\"\/> <path d=\"M7.75 8.48999H5.5\" stroke=\"#214b79\" stroke-width=\"1.5\" stroke-linecap=\"round\" stroke-linejoin=\"round\"\/> <path d=\"M8.5 11.49H5.5\" stroke=\"#214b79\" stroke-width=\"1.5\" stroke-linecap=\"round\" stroke-linejoin=\"round\"\/> <\/g><\/svg><\/div><h3>Formation<\/h3><\/div><p>Acquisition de comp\u00e9tences en communication, marketing, storytelling et traduction<\/p><div class=\"contenedor-listaservicios\"><\/div><\/div>\n\n\n\n<div class=\"wp-block-tema20klenguas-tarjetaservicio servicios-tarjetaservicio\"><div class=\"comun-tituloconicono\"><div class=\"tituloconicono-icono\"><svg xmlns=\"http:\/\/www.w3.org\/2000\/svg\" viewBox=\"0 0 48 48\" id=\"Layer_1\" data-name=\"Layer 1\" fill=\"#000000\" stroke=\"#000000\" stroke-width=\"2.88\"><g xmlns=\"http:\/\/www.w3.org\/2000\/svg\" id=\"SVGRepo_bgCarrier\" stroke-width=\"0\"\/><g xmlns=\"http:\/\/www.w3.org\/2000\/svg\" id=\"SVGRepo_tracerCarrier\" stroke-linecap=\"round\" stroke-linejoin=\"round\"\/><g xmlns=\"http:\/\/www.w3.org\/2000\/svg\" id=\"SVGRepo_iconCarrier\"> <defs> <style> .cls-1 { fill: none; stroke:#214b70; stroke-linecap: round; stroke-linejoin: round; } <\/style> <\/defs> <line class=\"cls-1\" x1=\"12.62\" y1=\"24.31\" x2=\"17.94\" y2=\"11.42\"\/> <line class=\"cls-1\" x1=\"23.04\" y1=\"24.35\" x2=\"17.94\" y2=\"11.42\"\/> <line class=\"cls-1\" x1=\"21.34\" y1=\"20.02\" x2=\"14.39\" y2=\"20.02\"\/> <g> <line class=\"cls-1\" x1=\"32.63\" y1=\"25.38\" x2=\"39.35\" y2=\"25.38\"\/> <path class=\"cls-1\" d=\"M35.68,25.38c0,4.34-5.29,11.51-10.59,12.61\"\/> <path class=\"cls-1\" d=\"M27.93,32.79c2.13,2.4,5.61,4.74,8.82,5.2\"\/> <\/g> <rect class=\"cls-1\" x=\"5.5\" y=\"5.5\" width=\"24.67\" height=\"24.67\" rx=\"3.64\" ry=\"3.64\"\/> <path class=\"cls-1\" d=\"M17.83,30.17v8.69c0,2,1.64,3.64,3.64,3.64h17.38c2,0,3.64-1.64,3.64-3.64V21.47c0-2-1.64-3.64-3.64-3.64h-8.69\"\/> <\/g><\/svg><\/div><h3>Traduction<\/h3><\/div><p>Services de traduction professionnelle dans diff\u00e9rentes combinaisons linguistiques<\/p><div class=\"contenedor-listaservicios\"><\/div><\/div>\n<\/div><\/div><\/section>\n\n\n<section class=\"seccion-blog wp-block-tema20klenguas-lp-blog\" id=\"lpblog\">\n    <div class=\"blog-franjaazul\">\n        <div class=\"comun-contenedorseccion\">\n            <h2>Blog<\/h2>\n            <p>Cela fait 10 ans que le blog a \u00e9t\u00e9 cr\u00e9\u00e9 et il est toujours d&rsquo;actualit\u00e9. Le blog vous permettra de mieux comprendre mon exp\u00e9rience et pourquoi m&rsquo;engager pour vous aider avec votre business<\/p>\n                <div class=\"comun-categorias\" >\n                \n\n<div class=\"wp-block-tema20klenguas-categorias comun-categoriasdiv\"><a href=\"https:\/\/20000lenguas.com\/fr\/category\/marketing\/\" aria-label=\"\">Marketing<\/a><\/div>\n\n\n\n<div class=\"wp-block-tema20klenguas-categorias comun-categoriasdiv\"><a href=\"https:\/\/20000lenguas.com\/fr\/category\/communication\/\" aria-label=\"\">Communication<\/a><\/div>\n\n\n\n<div class=\"wp-block-tema20klenguas-categorias comun-categoriasdiv\"><a href=\"https:\/\/20000lenguas.com\/fr\/category\/traduction-et-langues\/\" aria-label=\"\">Traduction et langues<\/a><\/div>\n\n            <\/div>\n        <\/div>\n    <\/div>\n    <div class=\"blog-franjaazulcontenedorentradasLP\">\n        <div class=\"galeriaentradas-contenedor\">\n                                                                                            <div class=\"entradas-entrada post-153 post type-post status-publish format-standard has-post-thumbnail hentry category-traduction-et-langues\" id=\"post-153\">\n                        <a href=\"https:\/\/20000lenguas.com\/fr\/2022\/02\/28\/6-ways-how-translators-can-help-ukraine\/\" class=\"entradas-entrada galeriaentradas-entrada\"><img src=\"https:\/\/20000lenguas.com\/fr\/wp-content\/uploads\/sites\/3\/2023\/09\/helping-ukraine-1-1024x576.png\" class=\"attachment-large size-large wp-post-image\" alt=\"\" decoding=\"async\" loading=\"lazy\" draggable=\"false\" srcset=\"https:\/\/20000lenguas.com\/fr\/wp-content\/uploads\/sites\/3\/2023\/09\/helping-ukraine-1-1024x576.png 1024w, https:\/\/20000lenguas.com\/fr\/wp-content\/uploads\/sites\/3\/2023\/09\/helping-ukraine-1-300x169.png 300w, https:\/\/20000lenguas.com\/fr\/wp-content\/uploads\/sites\/3\/2023\/09\/helping-ukraine-1-768x432.png 768w, https:\/\/20000lenguas.com\/fr\/wp-content\/uploads\/sites\/3\/2023\/09\/helping-ukraine-1-1536x864.png 1536w, https:\/\/20000lenguas.com\/fr\/wp-content\/uploads\/sites\/3\/2023\/09\/helping-ukraine-1.png 1600w\" sizes=\"(max-width: 1024px) 100vw, 1024px\" \/><div class=\"comun-contenedorseccion\">\n                                <h3>6 ways how translators can help Ukraine<\/h3>\n                            <\/div><\/a>\n                    <\/div>\n                                                        <div class=\"entradas-entrada post-160 post type-post status-publish format-standard has-post-thumbnail hentry category-traduction-et-langues\" id=\"post-160\">\n                        <a href=\"https:\/\/20000lenguas.com\/fr\/2020\/05\/22\/the-translation-industry-part-one-translation-tests\/\" class=\"entradas-entrada galeriaentradas-entrada\"><img src=\"https:\/\/20000lenguas.com\/fr\/wp-content\/uploads\/sites\/3\/2023\/09\/should-translators-be-tested.png\" class=\"attachment-large size-large wp-post-image\" alt=\"\" decoding=\"async\" loading=\"lazy\" draggable=\"false\" srcset=\"https:\/\/20000lenguas.com\/fr\/wp-content\/uploads\/sites\/3\/2023\/09\/should-translators-be-tested.png 1024w, https:\/\/20000lenguas.com\/fr\/wp-content\/uploads\/sites\/3\/2023\/09\/should-translators-be-tested-300x150.png 300w, https:\/\/20000lenguas.com\/fr\/wp-content\/uploads\/sites\/3\/2023\/09\/should-translators-be-tested-768x384.png 768w\" sizes=\"(max-width: 1024px) 100vw, 1024px\" \/><div class=\"comun-contenedorseccion\">\n                                <h3>The translation industry. Part one: translation tests<\/h3>\n                            <\/div><\/a>\n                    <\/div>\n                                                        <div class=\"entradas-entrada post-168 post type-post status-publish format-standard has-post-thumbnail hentry category-traduction-et-langues\" id=\"post-168\">\n                        <a href=\"https:\/\/20000lenguas.com\/fr\/2019\/08\/13\/a-digital-translator-in-front-of-the-camera-interview-with-sherif-abuzid\/\" class=\"entradas-entrada galeriaentradas-entrada\"><img src=\"https:\/\/20000lenguas.com\/fr\/wp-content\/uploads\/sites\/3\/2023\/09\/a-digital-translator-in-front-of-the-camera_.png\" class=\"attachment-large size-large wp-post-image\" alt=\"\" decoding=\"async\" loading=\"lazy\" draggable=\"false\" srcset=\"https:\/\/20000lenguas.com\/fr\/wp-content\/uploads\/sites\/3\/2023\/09\/a-digital-translator-in-front-of-the-camera_.png 1024w, https:\/\/20000lenguas.com\/fr\/wp-content\/uploads\/sites\/3\/2023\/09\/a-digital-translator-in-front-of-the-camera_-300x150.png 300w, https:\/\/20000lenguas.com\/fr\/wp-content\/uploads\/sites\/3\/2023\/09\/a-digital-translator-in-front-of-the-camera_-768x384.png 768w\" sizes=\"(max-width: 1024px) 100vw, 1024px\" \/><div class=\"comun-contenedorseccion\">\n                                <h3>A digital translator in front of the camera: interview with Sherif Abuzid<\/h3>\n                            <\/div><\/a>\n                    <\/div>\n                                                    <\/div>\n        <div class=\"blog-franjaazulentradasLP\"><\/div>\n    <\/div>\n<\/section>\n\n\n<section class=\"wp-block-tema20klenguas-lp-newsletter seccion-newsletter\" id=\"lpnewsletter\"><div class=\"comun-contenedorseccion\"><h2>Newsletter<\/h2><p>Je souhaite conna\u00eetre les derni\u00e8res nouvelles de marketing, communication et tous les autres services<\/p><div class=\"contenedorformularios\"><div class=\"wp-block-jetpack-contact-form\"><a href=\"https:\/\/20000lenguas.com\/fr\/\" target=\"_blank\" rel=\"noopener noreferrer\">Soumettre un formulaire.<\/a><\/div><\/div><\/div><\/section>\n\n\n\n<section class=\"wp-block-tema20klenguas-lp-opiniones seccion-opiniones\" id=\"lpopiniones\"><div class=\"comun-contenedorseccion\"><div class=\"comun-titulodoscol\"><\/div><div class=\"opiniones-contenedor\">\n<div class=\"wp-block-tema20klenguas-opinion opiniones-opinion\"><div class=\"opiniones-nombre\"><p>Alexandra S.<\/p><\/div><p>Olga a collabor\u00e9 \u00e0 la license de traduction et d&rsquo;interpr\u00e9tation en donnant des ateliers aux \u00e9tudiants afin d&rsquo;introduire la r\u00e9alit\u00e9 professionnelle dans la vie acad\u00e9mique des \u00e9tudiants. Nous avons re\u00e7u des commentaires tr\u00e8s positifs sur la qualit\u00e9 du contenu qu&rsquo;elle enseigne, son accessibilit\u00e9 et le lien qu&rsquo;elle \u00e9tablit avec le monde \u00ab\u00a0r\u00e9el\u00a0\u00bb du traducteur professionnel. C&rsquo;est un plaisir de travailler avec Olga en raison de son professionnalisme et de sa gentillesse. Les \u00e9tudiants sont toujours ravis car ils d\u00e9couvrent la profession sous un angle plus pratique. De plus, elle est toujours pr\u00eate \u00e0 s&rsquo;impliquer et \u00e0 se lancer dans de nouvelles aventures. Olga, o\u00f9 qu&rsquo;elle aille, est toujours un gage de r\u00e9ussite et de qualit\u00e9.<\/p><\/div>\n\n\n\n<div class=\"wp-block-tema20klenguas-opinion opiniones-opinion\"><div class=\"opiniones-nombre\"><p>Dagmar F.<\/p><\/div><p>Au nom du Comit\u00e9 ex\u00e9cutif de FIT LatAm, nous tenons \u00e0 vous remercier d\u2019avoir partag\u00e9 vos connaissances avec vos coll\u00e8gues de la r\u00e9gion et de nous avoir donn\u00e9 une conf\u00e9rence aussi int\u00e9ressante. Ce fut un grand succ\u00e8s, nous continuons \u00e0 recevoir de nombreux retours tr\u00e8s positifs \u2013 nous avons re\u00e7u plus de 300 demandes d\u2019inscription, battant ainsi notre propre record!<br><br>Ce fut un honneur de vous avoir comme orateur et nous attendons avec impatience une autre occasion.<\/p><\/div>\n<\/div><\/div><\/section>\n\n\n\n<section class=\"wp-block-tema20klenguas-lp-faq seccion-faq\" id=\"lpfaq\"><div class=\"comun-contenedorseccion\"><div class=\"faq-coltexto\"><h2>FAQ<\/h2><p>Trouvez la r\u00e9ponse \u00e0 vos questions facilement. Contactez-moi si vous avez d&rsquo;autres doutes ou questions afin que je puisse vous aider<\/p><\/div><div class=\"faq-agrupadorpreguntas\">\n<div class=\"wp-block-tema20klenguas-preguntafaq faq-pregunta\"><div class=\"tabs\"><div class=\"tab\"><input type=\"checkbox\" id=\"chck1\"\/><label class=\"tab-label\" for=\"chck1\">Combien de temps faut-il pour \u00e9diter et cr\u00e9er du contenu pour un site web?<\/label><div class=\"tab-content\">a cr\u00e9ation et l&rsquo;\u00e9dition de contenu pour un site web est un processus divis\u00e9 en plusieurs \u00e9tapes et peut varier d&rsquo;un client \u00e0 l&rsquo;autre en fonction des besoins de l&rsquo;entreprise. C&rsquo;est pourquoi l&rsquo;analyse de ces besoins est effectu\u00e9e sur une base individuelle afin de s&rsquo;assurer que chaque projet r\u00e9pond aux attentes du client. S&rsquo;il est \u00e9galement n\u00e9cessaire de cr\u00e9er du contenu en plusieurs langues, il faudra plus de temps pour mener \u00e0 bien le projet. <\/div><\/div><\/div><\/div>\n\n\n\n<div class=\"wp-block-tema20klenguas-preguntafaq faq-pregunta\"><div class=\"tabs\"><div class=\"tab\"><input type=\"checkbox\" id=\"chck2\"\/><label class=\"tab-label\" for=\"chck2\">Combien co\u00fbte la cr\u00e9ation de mat\u00e9riel marketing pour mon entreprise?<\/label><div class=\"tab-content\">Le co\u00fbt varie en fonction des besoins de l&rsquo;entreprise, des diff\u00e9rents supports \u00e0 r\u00e9aliser. S&rsquo;il est \u00e9galement n\u00e9cessaire de d\u00e9cliner le contenu  en plusieurs langues, il faudra plus de temps pour mener \u00e0 bien le projet.<\/div><\/div><\/div><\/div>\n\n\n\n<div class=\"wp-block-tema20klenguas-preguntafaq faq-pregunta\"><div class=\"tabs\"><div class=\"tab\"><input type=\"checkbox\" id=\"chck3\"\/><label class=\"tab-label\" for=\"chck3\">Comment fonctionne le soutien aux r\u00e9seaux sociaux?<\/label><div class=\"tab-content\">Les objectifs de l&rsquo;entreprise doivent \u00eatre d\u00e9termin\u00e9s afin de comprendre le fil conducteur et de cr\u00e9er du contenu sur cette base. Un calendrier \u00e9ditorial annuel sera ensuite propos\u00e9 comme guide pour savoir quel contenu publier et avec quelle fr\u00e9quence afin d&rsquo;obtenir la meilleure visibilit\u00e9, d&rsquo;interactions, etc.<\/div><\/div><\/div><\/div>\n<\/div><\/div><\/section>\n\n\n\n<section class=\"wp-block-tema20klenguas-lp-formulario seccion-contacto\" id=\"lpcontacto\"><div class=\"comun-contenedorseccion\"><h2>Contact<\/h2><div class=\"contenedorformularios\"><div class=\"wp-block-jetpack-contact-form\"><a href=\"https:\/\/20000lenguas.com\/fr\/\" target=\"_blank\" rel=\"noopener noreferrer\">Soumettre un formulaire.<\/a><\/div><\/div><\/div><div class=\"prefooter\"><\/div><\/section>\n","protected":false},"excerpt":{"rendered":"","protected":false},"author":1,"featured_media":0,"parent":0,"menu_order":0,"comment_status":"closed","ping_status":"closed","template":"","meta":[],"jetpack_sharing_enabled":true,"_links":{"self":[{"href":"https:\/\/20000lenguas.com\/fr\/wp-json\/wp\/v2\/pages\/6"}],"collection":[{"href":"https:\/\/20000lenguas.com\/fr\/wp-json\/wp\/v2\/pages"}],"about":[{"href":"https:\/\/20000lenguas.com\/fr\/wp-json\/wp\/v2\/types\/page"}],"author":[{"embeddable":true,"href":"https:\/\/20000lenguas.com\/fr\/wp-json\/wp\/v2\/users\/1"}],"replies":[{"embeddable":true,"href":"https:\/\/20000lenguas.com\/fr\/wp-json\/wp\/v2\/comments?post=6"}],"version-history":[{"count":16,"href":"https:\/\/20000lenguas.com\/fr\/wp-json\/wp\/v2\/pages\/6\/revisions"}],"predecessor-version":[{"id":156,"href":"https:\/\/20000lenguas.com\/fr\/wp-json\/wp\/v2\/pages\/6\/revisions\/156"}],"wp:attachment":[{"href":"https:\/\/20000lenguas.com\/fr\/wp-json\/wp\/v2\/media?parent=6"}],"curies":[{"name":"wp","href":"https:\/\/api.w.org\/{rel}","templated":true}]}}